{"id":188,"date":"2023-05-19T11:07:12","date_gmt":"2023-05-19T11:07:12","guid":{"rendered":"https:\/\/demo.bosathemes.com\/bosa\/digital-agency\/?page_id=532"},"modified":"2025-12-19T16:55:40","modified_gmt":"2025-12-19T15:55:40","slug":"portfolio","status":"publish","type":"page","link":"https:\/\/conceptionsite.fr\/?page_id=188","title":{"rendered":"Portfolio"},"content":{"rendered":"\t\t<div data-elementor-type=\"wp-page\" data-elementor-id=\"188\" class=\"elementor elementor-188\">\n\t\t\t\t\t\t<section class=\"elementor-section elementor-top-section elementor-element elementor-element-d721248 elementor-section-height-min-height elementor-section-boxed elementor-section-height-default elementor-section-items-middle\" data-id=\"d721248\" data-element_type=\"section\" data-settings=\"{&quot;background_background&quot;:&quot;classic&quot;}\">\n\t\t\t\t\t\t\t<div class=\"elementor-background-overlay\"><\/div>\n\t\t\t\t\t\t\t<div class=\"elementor-container elementor-column-gap-no\">\n\t\t\t\t\t<div class=\"elementor-column elementor-col-100 elementor-top-column elementor-element elementor-element-be33425\" data-id=\"be33425\" data-element_type=\"column\">\n\t\t\t<div class=\"elementor-widget-wrap elementor-element-populated\">\n\t\t\t\t\t\t<div class=\"elementor-element elementor-element-b31f19b animated-slow elementor-invisible elementor-widget elementor-widget-elementskit-heading\" data-id=\"b31f19b\" data-element_type=\"widget\" data-settings=\"{&quot;_animation&quot;:&quot;fadeInUp&quot;,&quot;_animation_delay&quot;:600}\" data-widget_type=\"elementskit-heading.default\">\n\t\t\t\t<div class=\"elementor-widget-container\">\n\t\t\t<div class=\"ekit-wid-con\" ><div class=\"ekit-heading elementskit-section-title-wraper text_center   ekit_heading_tablet-text_center   ekit_heading_mobile-\"><h2 class=\"ekit-heading--title elementskit-section-title \">Portfolio<\/h2><\/div><\/div>\t\t<\/div>\n\t\t\t\t<\/div>\n\t\t\t\t\t<\/div>\n\t\t<\/div>\n\t\t\t\t\t<\/div>\n\t\t<\/section>\n\t\t\t\t<section class=\"elementor-section elementor-top-section elementor-element elementor-element-4e5cf6d elementor-section-boxed elementor-section-height-default elementor-section-height-default\" data-id=\"4e5cf6d\" data-element_type=\"section\" data-settings=\"{&quot;background_background&quot;:&quot;classic&quot;}\">\n\t\t\t\t\t\t<div class=\"elementor-container elementor-column-gap-no\">\n\t\t\t\t\t<div class=\"elementor-column elementor-col-100 elementor-top-column elementor-element elementor-element-7cbf137\" data-id=\"7cbf137\" data-element_type=\"column\" data-settings=\"{&quot;background_background&quot;:&quot;classic&quot;}\">\n\t\t\t<div class=\"elementor-widget-wrap\">\n\t\t\t\t\t\t\t<\/div>\n\t\t<\/div>\n\t\t\t\t\t<\/div>\n\t\t<\/section>\n\t\t\t\t<section class=\"elementor-section elementor-top-section elementor-element elementor-element-565f41aa elementor-section-boxed elementor-section-height-default elementor-section-height-default\" data-id=\"565f41aa\" data-element_type=\"section\" data-settings=\"{&quot;background_background&quot;:&quot;classic&quot;,&quot;shape_divider_top&quot;:&quot;opacity-fan&quot;}\">\n\t\t\t\t\t\t\t<div class=\"elementor-background-overlay\"><\/div>\n\t\t\t\t\t\t<div class=\"elementor-shape elementor-shape-top\" data-negative=\"false\">\n\t\t\t<svg xmlns=\"http:\/\/www.w3.org\/2000\/svg\" viewBox=\"0 0 283.5 19.6\" preserveAspectRatio=\"none\">\n\t<path class=\"elementor-shape-fill\" style=\"opacity:0.33\" d=\"M0 0L0 18.8 141.8 4.1 283.5 18.8 283.5 0z\"\/>\n\t<path class=\"elementor-shape-fill\" style=\"opacity:0.33\" d=\"M0 0L0 12.6 141.8 4 283.5 12.6 283.5 0z\"\/>\n\t<path class=\"elementor-shape-fill\" style=\"opacity:0.33\" d=\"M0 0L0 6.4 141.8 4 283.5 6.4 283.5 0z\"\/>\n\t<path class=\"elementor-shape-fill\" d=\"M0 0L0 1.2 141.8 4 283.5 1.2 283.5 0z\"\/>\n<\/svg>\t\t<\/div>\n\t\t\t\t\t<div class=\"elementor-container elementor-column-gap-no\">\n\t\t\t\t\t<div class=\"elementor-column elementor-col-100 elementor-top-column elementor-element elementor-element-338847b9\" data-id=\"338847b9\" data-element_type=\"column\">\n\t\t\t<div class=\"elementor-widget-wrap elementor-element-populated\">\n\t\t\t\t\t\t<section class=\"elementor-section elementor-inner-section elementor-element elementor-element-4b5a06df elementor-section-boxed elementor-section-height-default elementor-section-height-default\" data-id=\"4b5a06df\" data-element_type=\"section\">\n\t\t\t\t\t\t<div class=\"elementor-container elementor-column-gap-no\">\n\t\t\t\t\t<div class=\"elementor-column elementor-col-100 elementor-inner-column elementor-element elementor-element-262edef4\" data-id=\"262edef4\" data-element_type=\"column\">\n\t\t\t<div class=\"elementor-widget-wrap elementor-element-populated\">\n\t\t\t\t\t\t<div class=\"elementor-element elementor-element-624afeac elementor-widget elementor-widget-elementskit-heading\" data-id=\"624afeac\" data-element_type=\"widget\" data-widget_type=\"elementskit-heading.default\">\n\t\t\t\t<div class=\"elementor-widget-container\">\n\t\t\t<div class=\"ekit-wid-con\" ><div class=\"ekit-heading elementskit-section-title-wraper text_center   ekit_heading_tablet-   ekit_heading_mobile-\"><h3 class=\"elementskit-section-subtitle  \">\n\t\t\t\t\t\tPROJETS ACHEV\u00c9S\n\t\t\t\t\t<\/h3><h2 class=\"ekit-heading--title elementskit-section-title \">Nos r\u00e9alisation r\u00e9centes<\/h2><div class=\"ekit_heading_separetor_wraper ekit_heading_elementskit-border-divider\"><div class=\"elementskit-border-divider\"><\/div><\/div><\/div><\/div>\t\t<\/div>\n\t\t\t\t<\/div>\n\t\t\t\t<div class=\"elementor-element elementor-element-36cf179e elementor-widget elementor-widget-text-editor\" data-id=\"36cf179e\" data-element_type=\"widget\" data-widget_type=\"text-editor.default\">\n\t\t\t\t<div class=\"elementor-widget-container\">\n\t\t\t<style>\/*! elementor - v3.21.0 - 08-05-2024 *\/\n.elementor-widget-text-editor.elementor-drop-cap-view-stacked .elementor-drop-cap{background-color:#69727d;color:#fff}.elementor-widget-text-editor.elementor-drop-cap-view-framed .elementor-drop-cap{color:#69727d;border:3px solid;background-color:transparent}.elementor-widget-text-editor:not(.elementor-drop-cap-view-default) .elementor-drop-cap{margin-top:8px}.elementor-widget-text-editor:not(.elementor-drop-cap-view-default) .elementor-drop-cap-letter{width:1em;height:1em}.elementor-widget-text-editor .elementor-drop-cap{float:left;text-align:center;line-height:1;font-size:50px}.elementor-widget-text-editor .elementor-drop-cap-letter{display:inline-block}<\/style>\t\t\t\t<p>Nos projets t\u00e9moignent de notre expertise en mati\u00e8re de d\u00e9veloppement web. Nous cr\u00e9ons des sites web visuellement \u00e9tonnants et hautement fonctionnels, adapt\u00e9s aux besoins uniques de nos clients. Explorez notre portfolio pour voir comment nous transformons les id\u00e9es en exp\u00e9riences en ligne attrayantes.<\/p>\t\t\t\t\t\t<\/div>\n\t\t\t\t<\/div>\n\t\t\t\t\t<\/div>\n\t\t<\/div>\n\t\t\t\t\t<\/div>\n\t\t<\/section>\n\t\t\t\t<div class=\"elementor-element elementor-element-219ab16a ekit-image-accordion-hover ekit-image-accordion-horizontal elementor-widget elementor-widget-elementskit-image-accordion\" data-id=\"219ab16a\" data-element_type=\"widget\" data-widget_type=\"elementskit-image-accordion.default\">\n\t\t\t\t<div class=\"elementor-widget-container\">\n\t\t\t<div class=\"ekit-wid-con\" >\t\t<div class=\"ekit-image-accordion elementskit-image-accordion-wraper\">\n\t\t\t                <input type=\"radio\" name=\"ekit_ia_219ab16a\" id=\"ekit_ia_219ab16a_0\" class=\"elementskit-single-image-accordion--input\" checked=\"checked\" hidden>\n                <label for=\"ekit_ia_219ab16a_0\" class=\"elementskit-single-image-accordion ekit-image-accordion-item\" style=\"background-image: url(https:\/\/conceptionsite.fr\/wp-content\/uploads\/2024\/06\/A-16-1536x1024-1.webp)\">\n                    <span class=\"elementskit-accordion-content\">\n\t\t\t\t\t\t\t\t\t\t\t\t\t<span class=\"elementskit-accordion-title-wraper\">\n\t\t\t\t\t\t\t\t<span class=\"elementskit-accordion-title \">\n\t\t\t\t\t\t\t\t\n\t\t\t\t\t\t\t\tEkkofin\n\t\t\t\t\t\t\t\t\t\t\t\t\t\t\t\t<\/span>\n\t\t\t\t\t\t\t<\/span>\n\t\t\t\t\t\t\t\t\t\t\t\t\t\t<span class=\"elementskit-btn-wraper\">\n\t\t\t\t\t\t\t\t<a class=\"ekit-image-accordion--btn elementskit-btn whitespace--normal\" href=\"https:\/\/conceptionsite.fr\/?page_id=1035\">\n\t\t\t\t\t\t\t\t\tD\u00e9couvrir Plus\t\t\t\t\t\t\t\t<\/a>\n\t\t\t\t\t\t\t<\/span>\n\t\t\t\t\t\t                    <\/span>\n                <\/label>\n                            <input type=\"radio\" name=\"ekit_ia_219ab16a\" id=\"ekit_ia_219ab16a_1\" class=\"elementskit-single-image-accordion--input\" checked=\"checked\" hidden>\n                <label for=\"ekit_ia_219ab16a_1\" class=\"elementskit-single-image-accordion ekit-image-accordion-item\" style=\"background-image: url(https:\/\/conceptionsite.fr\/wp-content\/uploads\/2024\/06\/A-15-1536x1024-1.webp)\">\n                    <span class=\"elementskit-accordion-content\">\n\t\t\t\t\t\t\t\t\t\t\t\t\t<span class=\"elementskit-accordion-title-wraper\">\n\t\t\t\t\t\t\t\t<span class=\"elementskit-accordion-title \">\n\t\t\t\t\t\t\t\t\n\t\t\t\t\t\t\t\tSafari Voyage\n\t\t\t\t\t\t\t\t\t\t\t\t\t\t\t\t<\/span>\n\t\t\t\t\t\t\t<\/span>\n\t\t\t\t\t\t\t\t\t\t\t\t\t\t<span class=\"elementskit-btn-wraper\">\n\t\t\t\t\t\t\t\t<a class=\"ekit-image-accordion--btn elementskit-btn whitespace--normal\" href=\"https:\/\/conceptionsite.fr\/?page_id=622\">\n\t\t\t\t\t\t\t\t\tD\u00e9couvrir Plus\t\t\t\t\t\t\t\t<\/a>\n\t\t\t\t\t\t\t<\/span>\n\t\t\t\t\t\t                    <\/span>\n                <\/label>\n                    <\/div>\n    <\/div>\t\t<\/div>\n\t\t\t\t<\/div>\n\t\t\t\t\t<\/div>\n\t\t<\/div>\n\t\t\t\t\t<\/div>\n\t\t<\/section>\n\t\t\t\t<\/div>\n\t\t","protected":false},"excerpt":{"rendered":"<p>Portfolio PROJETS ACHEV\u00c9S Nos r\u00e9alisation r\u00e9centes Nos projets t\u00e9moignent de notre expertise en mati\u00e8re de d\u00e9veloppement web. Nous cr\u00e9ons des sites web visuellement \u00e9tonnants et hautement fonctionnels, adapt\u00e9s aux besoins uniques de nos clients. Explorez notre portfolio pour voir comment nous transformons les id\u00e9es en exp\u00e9riences en ligne attrayantes. Ekkofin D\u00e9couvrir Plus Safari Voyage D\u00e9couvrir Plus<\/p>\n","protected":false},"author":1,"featured_media":0,"parent":0,"menu_order":0,"comment_status":"closed","ping_status":"closed","template":"elementor_header_footer","meta":{"_et_pb_use_builder":"","_et_pb_old_content":"","_et_gb_content_width":"","slim_seo":[],"footnotes":""},"yoast_head":"<!-- This site is optimized with the Yoast SEO plugin v23.5 - https:\/\/yoast.com\/wordpress\/plugins\/seo\/ -->\n<title>Portfolio - Digital Agence web conceptionsite<\/title>\n<meta name=\"robots\" content=\"index, follow, max-snippet:-1, max-image-preview:large, max-video-preview:-1\" \/>\n<link rel=\"canonical\" href=\"https:\/\/conceptionsite.fr\/?page_id=188\" \/>\n<meta property=\"og:locale\" content=\"fr_FR\" \/>\n<meta property=\"og:type\" content=\"article\" \/>\n<meta property=\"og:title\" content=\"Portfolio - Digital Agence web conceptionsite\" \/>\n<meta property=\"og:description\" content=\"Portfolio PROJETS ACHEV\u00c9S Nos r\u00e9alisation r\u00e9centes Nos projets t\u00e9moignent de notre expertise en mati\u00e8re de d\u00e9veloppement web. Nous cr\u00e9ons des sites web visuellement \u00e9tonnants et hautement fonctionnels, adapt\u00e9s aux besoins uniques de nos clients. Explorez notre portfolio pour voir comment nous transformons les id\u00e9es en exp\u00e9riences en ligne attrayantes. Ekkofin D\u00e9couvrir Plus Safari Voyage D\u00e9couvrir Plus\" \/>\n<meta property=\"og:url\" content=\"https:\/\/conceptionsite.fr\/?page_id=188\" \/>\n<meta property=\"og:site_name\" content=\"Digital Agence web conceptionsite\" \/>\n<meta property=\"article:modified_time\" content=\"2025-12-19T15:55:40+00:00\" \/>\n<meta name=\"twitter:card\" content=\"summary_large_image\" \/>\n<meta name=\"twitter:label1\" content=\"Dur\u00e9e de lecture estim\u00e9e\" \/>\n\t<meta name=\"twitter:data1\" content=\"1 minute\" \/>\n<script type=\"application\/ld+json\" class=\"yoast-schema-graph\">{\"@context\":\"https:\/\/schema.org\",\"@graph\":[{\"@type\":\"WebPage\",\"@id\":\"https:\/\/conceptionsite.fr\/?page_id=188\",\"url\":\"https:\/\/conceptionsite.fr\/?page_id=188\",\"name\":\"Portfolio - Digital Agence web conceptionsite\",\"isPartOf\":{\"@id\":\"https:\/\/conceptionsite.fr\/#website\"},\"datePublished\":\"2023-05-19T11:07:12+00:00\",\"dateModified\":\"2025-12-19T15:55:40+00:00\",\"breadcrumb\":{\"@id\":\"https:\/\/conceptionsite.fr\/?page_id=188#breadcrumb\"},\"inLanguage\":\"fr-FR\",\"potentialAction\":[{\"@type\":\"ReadAction\",\"target\":[\"https:\/\/conceptionsite.fr\/?page_id=188\"]}]},{\"@type\":\"BreadcrumbList\",\"@id\":\"https:\/\/conceptionsite.fr\/?page_id=188#breadcrumb\",\"itemListElement\":[{\"@type\":\"ListItem\",\"position\":1,\"name\":\"Home\",\"item\":\"https:\/\/conceptionsite.fr\/\"},{\"@type\":\"ListItem\",\"position\":2,\"name\":\"Portfolio\"}]},{\"@type\":\"WebSite\",\"@id\":\"https:\/\/conceptionsite.fr\/#website\",\"url\":\"https:\/\/conceptionsite.fr\/\",\"name\":\"Digital Agence web conceptionsite\",\"description\":\"\",\"publisher\":{\"@id\":\"https:\/\/conceptionsite.fr\/#organization\"},\"potentialAction\":[{\"@type\":\"SearchAction\",\"target\":{\"@type\":\"EntryPoint\",\"urlTemplate\":\"https:\/\/conceptionsite.fr\/?s={search_term_string}\"},\"query-input\":{\"@type\":\"PropertyValueSpecification\",\"valueRequired\":true,\"valueName\":\"search_term_string\"}}],\"inLanguage\":\"fr-FR\"},{\"@type\":\"Organization\",\"@id\":\"https:\/\/conceptionsite.fr\/#organization\",\"name\":\"Digital Agence web conceptionsite\",\"url\":\"https:\/\/conceptionsite.fr\/\",\"logo\":{\"@type\":\"ImageObject\",\"inLanguage\":\"fr-FR\",\"@id\":\"https:\/\/conceptionsite.fr\/#\/schema\/logo\/image\/\",\"url\":\"https:\/\/conceptionsite.fr\/wp-content\/uploads\/2024\/05\/cropped-Conceptionsite.__4_-removebg-preview.png\",\"contentUrl\":\"https:\/\/conceptionsite.fr\/wp-content\/uploads\/2024\/05\/cropped-Conceptionsite.__4_-removebg-preview.png\",\"width\":500,\"height\":313,\"caption\":\"Digital Agence web conceptionsite\"},\"image\":{\"@id\":\"https:\/\/conceptionsite.fr\/#\/schema\/logo\/image\/\"}}]}<\/script>\n<!-- \/ Yoast SEO plugin. -->","yoast_head_json":{"title":"Portfolio - Digital Agence web conceptionsite","robots":{"index":"index","follow":"follow","max-snippet":"max-snippet:-1","max-image-preview":"max-image-preview:large","max-video-preview":"max-video-preview:-1"},"canonical":"https:\/\/conceptionsite.fr\/?page_id=188","og_locale":"fr_FR","og_type":"article","og_title":"Portfolio - Digital Agence web conceptionsite","og_description":"Portfolio PROJETS ACHEV\u00c9S Nos r\u00e9alisation r\u00e9centes Nos projets t\u00e9moignent de notre expertise en mati\u00e8re de d\u00e9veloppement web. Nous cr\u00e9ons des sites web visuellement \u00e9tonnants et hautement fonctionnels, adapt\u00e9s aux besoins uniques de nos clients. Explorez notre portfolio pour voir comment nous transformons les id\u00e9es en exp\u00e9riences en ligne attrayantes. Ekkofin D\u00e9couvrir Plus Safari Voyage D\u00e9couvrir Plus","og_url":"https:\/\/conceptionsite.fr\/?page_id=188","og_site_name":"Digital Agence web conceptionsite","article_modified_time":"2025-12-19T15:55:40+00:00","twitter_card":"summary_large_image","twitter_misc":{"Dur\u00e9e de lecture estim\u00e9e":"1 minute"},"schema":{"@context":"https:\/\/schema.org","@graph":[{"@type":"WebPage","@id":"https:\/\/conceptionsite.fr\/?page_id=188","url":"https:\/\/conceptionsite.fr\/?page_id=188","name":"Portfolio - Digital Agence web conceptionsite","isPartOf":{"@id":"https:\/\/conceptionsite.fr\/#website"},"datePublished":"2023-05-19T11:07:12+00:00","dateModified":"2025-12-19T15:55:40+00:00","breadcrumb":{"@id":"https:\/\/conceptionsite.fr\/?page_id=188#breadcrumb"},"inLanguage":"fr-FR","potentialAction":[{"@type":"ReadAction","target":["https:\/\/conceptionsite.fr\/?page_id=188"]}]},{"@type":"BreadcrumbList","@id":"https:\/\/conceptionsite.fr\/?page_id=188#breadcrumb","itemListElement":[{"@type":"ListItem","position":1,"name":"Home","item":"https:\/\/conceptionsite.fr\/"},{"@type":"ListItem","position":2,"name":"Portfolio"}]},{"@type":"WebSite","@id":"https:\/\/conceptionsite.fr\/#website","url":"https:\/\/conceptionsite.fr\/","name":"Digital Agence web conceptionsite","description":"","publisher":{"@id":"https:\/\/conceptionsite.fr\/#organization"},"potentialAction":[{"@type":"SearchAction","target":{"@type":"EntryPoint","urlTemplate":"https:\/\/conceptionsite.fr\/?s={search_term_string}"},"query-input":{"@type":"PropertyValueSpecification","valueRequired":true,"valueName":"search_term_string"}}],"inLanguage":"fr-FR"},{"@type":"Organization","@id":"https:\/\/conceptionsite.fr\/#organization","name":"Digital Agence web conceptionsite","url":"https:\/\/conceptionsite.fr\/","logo":{"@type":"ImageObject","inLanguage":"fr-FR","@id":"https:\/\/conceptionsite.fr\/#\/schema\/logo\/image\/","url":"https:\/\/conceptionsite.fr\/wp-content\/uploads\/2024\/05\/cropped-Conceptionsite.__4_-removebg-preview.png","contentUrl":"https:\/\/conceptionsite.fr\/wp-content\/uploads\/2024\/05\/cropped-Conceptionsite.__4_-removebg-preview.png","width":500,"height":313,"caption":"Digital Agence web conceptionsite"},"image":{"@id":"https:\/\/conceptionsite.fr\/#\/schema\/logo\/image\/"}}]}},"jetpack_sharing_enabled":true,"_links":{"self":[{"href":"https:\/\/conceptionsite.fr\/index.php?rest_route=\/wp\/v2\/pages\/188"}],"collection":[{"href":"https:\/\/conceptionsite.fr\/index.php?rest_route=\/wp\/v2\/pages"}],"about":[{"href":"https:\/\/conceptionsite.fr\/index.php?rest_route=\/wp\/v2\/types\/page"}],"author":[{"embeddable":true,"href":"https:\/\/conceptionsite.fr\/index.php?rest_route=\/wp\/v2\/users\/1"}],"replies":[{"embeddable":true,"href":"https:\/\/conceptionsite.fr\/index.php?rest_route=%2Fwp%2Fv2%2Fcomments&post=188"}],"version-history":[{"count":55,"href":"https:\/\/conceptionsite.fr\/index.php?rest_route=\/wp\/v2\/pages\/188\/revisions"}],"predecessor-version":[{"id":1463,"href":"https:\/\/conceptionsite.fr\/index.php?rest_route=\/wp\/v2\/pages\/188\/revisions\/1463"}],"wp:attachment":[{"href":"https:\/\/conceptionsite.fr\/index.php?rest_route=%2Fwp%2Fv2%2Fmedia&parent=188"}],"curies":[{"name":"wp","href":"https:\/\/api.w.org\/{rel}","templated":true}]}}