{"id":1023,"date":"2024-08-30T03:20:26","date_gmt":"2024-08-30T01:20:26","guid":{"rendered":"https:\/\/conceptionsite.fr\/?page_id=1023"},"modified":"2025-04-23T18:05:30","modified_gmt":"2025-04-23T16:05:30","slug":"mentions-legales","status":"publish","type":"page","link":"https:\/\/conceptionsite.fr\/?page_id=1023","title":{"rendered":"CGU"},"content":{"rendered":"<h2>Conditions G\u00e9n\u00e9rales d\u2019Utilisation<\/h2>\n<p><strong>Derni\u00e8re mise \u00e0 jour : 01\/04\/2025<\/strong><\/p>\n<h3>1. Pr\u00e9sentation du site<\/h3>\n<p>Le site <a href=\"http:\/\/www.conceptionsite.fr\" target=\"_new\" rel=\"noopener\">www.conceptionsite.fr<\/a> Dans le cadre de son activit\u00e9 commerciale,\u00a0 <strong>Conceptionsite<\/strong> est amen\u00e9e \u00e0 traiter des informations vous concernant. Par exemple, en remplissant un formulaire d\u2019inscription, en faisant un achat sur nos services en ligne, en vous inscrivant \u00e0 un \u00e9v\u00e9nement que nous organisons, en participant \u00e0 un jeu concours, en naviguant sur nos sites Internet ou nos applications mobiles et num\u00e9riques, en cliquant sur un lien publicitaire que nous vous pr\u00e9sentons, vous nous transmettez des informations dont certaines sont de nature \u00e0 vous identifier (\u00ab donn\u00e9es personnelles \u00bb).<\/p>\n<p>La pr\u00e9sente\u00a0 vous informe de la mani\u00e8re dont nous recueillons et traitons vos donn\u00e9es personnelles. Nous vous invitons \u00e0 la lire attentivement.<\/p>\n<p><em>Important\u00a0:<\/em><br \/>\nNous n\u2019utilisons vos donn\u00e9es personnelles que dans les cas pr\u00e9vus par la r\u00e9glementation en vigueur :<\/p>\n<ul>\n<li>L\u2019ex\u00e9cution d\u2019un contrat que nous avons conclu avec vous, et\/ou<\/li>\n<li>Le respect d\u2019une obligation l\u00e9gale, et\/ou<\/li>\n<li>Votre consentement \u00e0 l\u2019utilisation de vos donn\u00e9es, et\/ou<\/li>\n<li>L\u2019existence d\u2019un int\u00e9r\u00eat l\u00e9gitime \u00e0 utiliser vos donn\u00e9es. L\u2019int\u00e9r\u00eat l\u00e9gitime est un ensemble de raisons commerciales ou d\u2019affaires qui justifie l\u2019utilisation de vos donn\u00e9es par <strong>\u00a0conceptionsite<\/strong> .<\/li>\n<\/ul>\n<p>Nous n\u2019utilisons jamais vos donn\u00e9es \u00e0 des fins commerciales contre votre volont\u00e9. Pour toute question relative \u00e0 ce document, vous pouvez contacter notre d\u00e9l\u00e9gu\u00e9 \u00e0 la protection des donn\u00e9es <a href=\"http:\/\/www.conceptionsite.fr\"><strong>www.conceptionsite.fr<\/strong><\/a><\/p>\n<h3>2. Objet<\/h3>\n<p>Les pr\u00e9sentes conditions g\u00e9n\u00e9rales d\u2019utilisation (ci-apr\u00e8s \u00ab\u00a0CGU\u00a0\u00bb) ont pour objet de d\u00e9finir les modalit\u00e9s et conditions dans lesquelles les utilisateurs (ci-apr\u00e8s \u00ab\u00a0l\u2019Utilisateur\u00a0\u00bb) peuvent acc\u00e9der et utiliser le Site.<\/p>\n<h3>3. Acceptation des conditions<\/h3>\n<p>En acc\u00e9dant et en utilisant le Site, l\u2019Utilisateur accepte express\u00e9ment et sans r\u00e9serve les pr\u00e9sentes CGU.<\/p>\n<h3>4. Services propos\u00e9s<\/h3>\n<p>Le Site propose les services suivants :<\/p>\n<p>\u2013 Cr\u00e9ation de sites web vitrine : D\u00e9velopper votre site internet, refondre un site web existant, ajouter une fonctionnalit\u00e9, transf\u00e9rer votre site vers une nouvelle plate-forme\u2026<\/p>\n<p>-Maintenance de sites WordPress : Mises \u00e0 jour, s\u00e9curit\u00e9, performances, sauvegardes, restaurations, nettoyage, support et aide sur mesure\u2026<\/p>\n<p>-Cr\u00e9ation d\u2019une boutique en ligne : Ouvrez votre site de vente en ligne, diffusez votre catalogue plus largement, \u00e9largissez votre zone de chalandise et touchez plus de clients.<\/p>\n<p>\u00a0<\/p>\n<h3>5. Acc\u00e8s au site<\/h3>\n<p>L\u2019acc\u00e8s au Site est gratuit. Tous les co\u00fbts relatifs \u00e0 l\u2019acc\u00e8s au Site, que ce soit les frais mat\u00e9riels, logiciels ou d\u2019acc\u00e8s \u00e0 internet, sont exclusivement \u00e0 la charge de l\u2019Utilisateur.<\/p>\n<h3>6. Propri\u00e9t\u00e9 intellectuelle<\/h3>\n<p>Le Site ainsi que tous les \u00e9l\u00e9ments qui le composent (textes, images, vid\u00e9os, logos, etc.) sont prot\u00e9g\u00e9s par les lois en vigueur sur la propri\u00e9t\u00e9 intellectuelle. Toute reproduction, repr\u00e9sentation, modification, publication ou adaptation des \u00e9l\u00e9ments du Site, quel que soit le moyen ou le proc\u00e9d\u00e9 utilis\u00e9, est interdite sans l\u2019autorisation \u00e9crite pr\u00e9alable de <strong>www.conceptionsite.fr<\/strong>.<\/p>\n<h3>7. Donn\u00e9es personnelles<\/h3>\n<p>L\u2019Utilisateur est inform\u00e9 que lors de sa navigation sur le Site, des donn\u00e9es personnelles peuvent \u00eatre collect\u00e9es et trait\u00e9es. Ces donn\u00e9es sont destin\u00e9es \u00e0 <strong>www.conceptionsite.fr <\/strong>. Conform\u00e9ment \u00e0 la loi \u00ab\u00a0Informatique et Libert\u00e9s\u00a0\u00bb, l\u2019Utilisateur dispose d\u2019un droit d\u2019acc\u00e8s, de rectification et de suppression des donn\u00e9es personnelles le concernant. Pour exercer ce droit, l\u2019Utilisateur peut contacter <strong>www.conceptionsite.fr<\/strong> \u00e0 l\u2019adresse<strong> conception.site.fr@gmail.com<\/strong> .<\/p>\n<h3>8. Responsabilit\u00e9<\/h3>\n<p><strong>conceptionsite<\/strong>\u00a0s\u2019efforce d\u2019assurer la disponibilit\u00e9 du Site. Cependant, <strong>conceptionsite <\/strong>ne saurait \u00eatre tenue pour responsable en cas d\u2019indisponibilit\u00e9 du Site, d\u2019interruptions, ou de dysfonctionnements, quels qu\u2019ils soient.<\/p>\n<h3>9. Liens hypertextes<\/h3>\n<p>Le Site peut contenir des liens hypertextes vers d\u2019autres sites internet. <strong>www.conceptionsite.fr<\/strong> d\u00e9cline toute responsabilit\u00e9 quant au contenu de ces sites.<\/p>\n<h3>10. Modification des CGU<\/h3>\n<p>notre agence<strong> conceptionsite<\/strong>\u00a0se r\u00e9serve le droit de modifier \u00e0 tout moment les pr\u00e9sentes CGU. L\u2019Utilisateur est invit\u00e9 \u00e0 consulter r\u00e9guli\u00e8rement les CGU afin de prendre connaissance des \u00e9ventuelles modifications.<\/p>\n<h3>11. Loi applicable<\/h3>\n<p>Les pr\u00e9sentes CGU sont r\u00e9gies par la loi fran\u00e7aise. En cas de litige, et apr\u00e8s une tentative de recherche de solution amiable, comp\u00e9tence exclusive est attribu\u00e9e aux tribunaux de Paris .<\/p>\n<h3>12. Contact<\/h3>\n<p>Pour toute question relative aux pr\u00e9sentes CGU, vous pouvez contacter\u00a0 <strong>www.conceptionsite.fr<\/strong> \u00e0 l\u2019adresse <a href=\"mailto:Conception.site.fr@gmail.com\"><strong>Conception.site.fr@gmail.com<\/strong><\/a><\/p>\n<p>\u00a0<\/p>\n","protected":false},"excerpt":{"rendered":"<p>Conditions G\u00e9n\u00e9rales d\u2019Utilisation Derni\u00e8re mise \u00e0 jour : 01\/04\/2025 1. Pr\u00e9sentation du site Le site www.conceptionsite.fr Dans le cadre de son activit\u00e9 commerciale,\u00a0 Conceptionsite est amen\u00e9e \u00e0 traiter des informations vous concernant. Par exemple, en remplissant un formulaire d\u2019inscription, en faisant un achat sur nos services en ligne, en vous inscrivant \u00e0 un \u00e9v\u00e9nement que nous organisons, en participant \u00e0 [\u2026]<\/p>\n","protected":false},"author":1,"featured_media":0,"parent":0,"menu_order":0,"comment_status":"closed","ping_status":"closed","template":"","meta":{"_et_pb_use_builder":"","_et_pb_old_content":"","_et_gb_content_width":"","slim_seo":[],"footnotes":""},"yoast_head":"<!-- This site is optimized with the Yoast SEO plugin v23.5 - https:\/\/yoast.com\/wordpress\/plugins\/seo\/ -->\n<title>CGU - Digital Agence web conceptionsite<\/title>\n<meta name=\"robots\" content=\"index, follow, max-snippet:-1, max-image-preview:large, max-video-preview:-1\" \/>\n<link rel=\"canonical\" href=\"https:\/\/conceptionsite.fr\/?page_id=1023\" \/>\n<meta property=\"og:locale\" content=\"fr_FR\" \/>\n<meta property=\"og:type\" content=\"article\" \/>\n<meta property=\"og:title\" content=\"CGU - Digital Agence web conceptionsite\" \/>\n<meta property=\"og:description\" content=\"Conditions G\u00e9n\u00e9rales d\u2019Utilisation Derni\u00e8re mise \u00e0 jour : 01\/04\/2025 1. Pr\u00e9sentation du site Le site www.conceptionsite.fr Dans le cadre de son activit\u00e9 commerciale,\u00a0 Conceptionsite est amen\u00e9e \u00e0 traiter des informations vous concernant. Par exemple, en remplissant un formulaire d\u2019inscription, en faisant un achat sur nos services en ligne, en vous inscrivant \u00e0 un \u00e9v\u00e9nement que nous organisons, en participant \u00e0 [\u2026]\" \/>\n<meta property=\"og:url\" content=\"https:\/\/conceptionsite.fr\/?page_id=1023\" \/>\n<meta property=\"og:site_name\" content=\"Digital Agence web conceptionsite\" \/>\n<meta property=\"article:modified_time\" content=\"2025-04-23T16:05:30+00:00\" \/>\n<meta name=\"twitter:card\" content=\"summary_large_image\" \/>\n<meta name=\"twitter:label1\" content=\"Dur\u00e9e de lecture estim\u00e9e\" \/>\n\t<meta name=\"twitter:data1\" content=\"4 minutes\" \/>\n<script type=\"application\/ld+json\" class=\"yoast-schema-graph\">{\"@context\":\"https:\/\/schema.org\",\"@graph\":[{\"@type\":\"WebPage\",\"@id\":\"https:\/\/conceptionsite.fr\/?page_id=1023\",\"url\":\"https:\/\/conceptionsite.fr\/?page_id=1023\",\"name\":\"CGU - Digital Agence web conceptionsite\",\"isPartOf\":{\"@id\":\"https:\/\/conceptionsite.fr\/#website\"},\"datePublished\":\"2024-08-30T01:20:26+00:00\",\"dateModified\":\"2025-04-23T16:05:30+00:00\",\"breadcrumb\":{\"@id\":\"https:\/\/conceptionsite.fr\/?page_id=1023#breadcrumb\"},\"inLanguage\":\"fr-FR\",\"potentialAction\":[{\"@type\":\"ReadAction\",\"target\":[\"https:\/\/conceptionsite.fr\/?page_id=1023\"]}]},{\"@type\":\"BreadcrumbList\",\"@id\":\"https:\/\/conceptionsite.fr\/?page_id=1023#breadcrumb\",\"itemListElement\":[{\"@type\":\"ListItem\",\"position\":1,\"name\":\"Home\",\"item\":\"https:\/\/conceptionsite.fr\/\"},{\"@type\":\"ListItem\",\"position\":2,\"name\":\"CGU\"}]},{\"@type\":\"WebSite\",\"@id\":\"https:\/\/conceptionsite.fr\/#website\",\"url\":\"https:\/\/conceptionsite.fr\/\",\"name\":\"Digital Agence web conceptionsite\",\"description\":\"\",\"publisher\":{\"@id\":\"https:\/\/conceptionsite.fr\/#organization\"},\"potentialAction\":[{\"@type\":\"SearchAction\",\"target\":{\"@type\":\"EntryPoint\",\"urlTemplate\":\"https:\/\/conceptionsite.fr\/?s={search_term_string}\"},\"query-input\":{\"@type\":\"PropertyValueSpecification\",\"valueRequired\":true,\"valueName\":\"search_term_string\"}}],\"inLanguage\":\"fr-FR\"},{\"@type\":\"Organization\",\"@id\":\"https:\/\/conceptionsite.fr\/#organization\",\"name\":\"Digital Agence web conceptionsite\",\"url\":\"https:\/\/conceptionsite.fr\/\",\"logo\":{\"@type\":\"ImageObject\",\"inLanguage\":\"fr-FR\",\"@id\":\"https:\/\/conceptionsite.fr\/#\/schema\/logo\/image\/\",\"url\":\"https:\/\/conceptionsite.fr\/wp-content\/uploads\/2024\/05\/cropped-Conceptionsite.__4_-removebg-preview.png\",\"contentUrl\":\"https:\/\/conceptionsite.fr\/wp-content\/uploads\/2024\/05\/cropped-Conceptionsite.__4_-removebg-preview.png\",\"width\":500,\"height\":313,\"caption\":\"Digital Agence web conceptionsite\"},\"image\":{\"@id\":\"https:\/\/conceptionsite.fr\/#\/schema\/logo\/image\/\"}}]}<\/script>\n<!-- \/ Yoast SEO plugin. -->","yoast_head_json":{"title":"CGU - Digital Agence web conceptionsite","robots":{"index":"index","follow":"follow","max-snippet":"max-snippet:-1","max-image-preview":"max-image-preview:large","max-video-preview":"max-video-preview:-1"},"canonical":"https:\/\/conceptionsite.fr\/?page_id=1023","og_locale":"fr_FR","og_type":"article","og_title":"CGU - Digital Agence web conceptionsite","og_description":"Conditions G\u00e9n\u00e9rales d\u2019Utilisation Derni\u00e8re mise \u00e0 jour : 01\/04\/2025 1. Pr\u00e9sentation du site Le site www.conceptionsite.fr Dans le cadre de son activit\u00e9 commerciale,\u00a0 Conceptionsite est amen\u00e9e \u00e0 traiter des informations vous concernant. Par exemple, en remplissant un formulaire d\u2019inscription, en faisant un achat sur nos services en ligne, en vous inscrivant \u00e0 un \u00e9v\u00e9nement que nous organisons, en participant \u00e0 [\u2026]","og_url":"https:\/\/conceptionsite.fr\/?page_id=1023","og_site_name":"Digital Agence web conceptionsite","article_modified_time":"2025-04-23T16:05:30+00:00","twitter_card":"summary_large_image","twitter_misc":{"Dur\u00e9e de lecture estim\u00e9e":"4 minutes"},"schema":{"@context":"https:\/\/schema.org","@graph":[{"@type":"WebPage","@id":"https:\/\/conceptionsite.fr\/?page_id=1023","url":"https:\/\/conceptionsite.fr\/?page_id=1023","name":"CGU - Digital Agence web conceptionsite","isPartOf":{"@id":"https:\/\/conceptionsite.fr\/#website"},"datePublished":"2024-08-30T01:20:26+00:00","dateModified":"2025-04-23T16:05:30+00:00","breadcrumb":{"@id":"https:\/\/conceptionsite.fr\/?page_id=1023#breadcrumb"},"inLanguage":"fr-FR","potentialAction":[{"@type":"ReadAction","target":["https:\/\/conceptionsite.fr\/?page_id=1023"]}]},{"@type":"BreadcrumbList","@id":"https:\/\/conceptionsite.fr\/?page_id=1023#breadcrumb","itemListElement":[{"@type":"ListItem","position":1,"name":"Home","item":"https:\/\/conceptionsite.fr\/"},{"@type":"ListItem","position":2,"name":"CGU"}]},{"@type":"WebSite","@id":"https:\/\/conceptionsite.fr\/#website","url":"https:\/\/conceptionsite.fr\/","name":"Digital Agence web conceptionsite","description":"","publisher":{"@id":"https:\/\/conceptionsite.fr\/#organization"},"potentialAction":[{"@type":"SearchAction","target":{"@type":"EntryPoint","urlTemplate":"https:\/\/conceptionsite.fr\/?s={search_term_string}"},"query-input":{"@type":"PropertyValueSpecification","valueRequired":true,"valueName":"search_term_string"}}],"inLanguage":"fr-FR"},{"@type":"Organization","@id":"https:\/\/conceptionsite.fr\/#organization","name":"Digital Agence web conceptionsite","url":"https:\/\/conceptionsite.fr\/","logo":{"@type":"ImageObject","inLanguage":"fr-FR","@id":"https:\/\/conceptionsite.fr\/#\/schema\/logo\/image\/","url":"https:\/\/conceptionsite.fr\/wp-content\/uploads\/2024\/05\/cropped-Conceptionsite.__4_-removebg-preview.png","contentUrl":"https:\/\/conceptionsite.fr\/wp-content\/uploads\/2024\/05\/cropped-Conceptionsite.__4_-removebg-preview.png","width":500,"height":313,"caption":"Digital Agence web conceptionsite"},"image":{"@id":"https:\/\/conceptionsite.fr\/#\/schema\/logo\/image\/"}}]}},"jetpack_sharing_enabled":true,"_links":{"self":[{"href":"https:\/\/conceptionsite.fr\/index.php?rest_route=\/wp\/v2\/pages\/1023"}],"collection":[{"href":"https:\/\/conceptionsite.fr\/index.php?rest_route=\/wp\/v2\/pages"}],"about":[{"href":"https:\/\/conceptionsite.fr\/index.php?rest_route=\/wp\/v2\/types\/page"}],"author":[{"embeddable":true,"href":"https:\/\/conceptionsite.fr\/index.php?rest_route=\/wp\/v2\/users\/1"}],"replies":[{"embeddable":true,"href":"https:\/\/conceptionsite.fr\/index.php?rest_route=%2Fwp%2Fv2%2Fcomments&post=1023"}],"version-history":[{"count":3,"href":"https:\/\/conceptionsite.fr\/index.php?rest_route=\/wp\/v2\/pages\/1023\/revisions"}],"predecessor-version":[{"id":1311,"href":"https:\/\/conceptionsite.fr\/index.php?rest_route=\/wp\/v2\/pages\/1023\/revisions\/1311"}],"wp:attachment":[{"href":"https:\/\/conceptionsite.fr\/index.php?rest_route=%2Fwp%2Fv2%2Fmedia&parent=1023"}],"curies":[{"name":"wp","href":"https:\/\/api.w.org\/{rel}","templated":true}]}}